{"id":6065,"date":"2025-03-06T16:33:32","date_gmt":"2025-03-06T13:33:32","guid":{"rendered":"https:\/\/www.erdemmakinaltd.com\/?page_id=6065"},"modified":"2025-12-09T14:25:32","modified_gmt":"2025-12-09T11:25:32","slug":"communication-3","status":"publish","type":"page","link":"https:\/\/www.erdemmakinaltd.com\/fr\/tesekkurler\/","title":{"rendered":"Te\u015fekk\u00fcrler"},"content":{"rendered":"<style>.elementor-6065 .elementor-element.elementor-element-738b946 > .elementor-container{max-width:1170px;}.elementor-6065 .elementor-element.elementor-element-738b946:not(.elementor-motion-effects-element-type-background), .elementor-6065 .elementor-element.elementor-element-738b946 > .elementor-motion-effects-container > .elementor-motion-effects-layer{background-image:url(\"https:\/\/www.erdemmakinaltd.com\/wp-content\/uploads\/2022\/09\/hakkimizda.svg\");background-position:center center;background-size:cover;}.elementor-6065 .elementor-element.elementor-element-738b946 > .elementor-background-overlay{opacity:0.75;transition:background 0.3s, border-radius 0.3s, opacity 0.3s;}.elementor-6065 .elementor-element.elementor-element-738b946{transition:background 0.3s, border 0.3s, border-radius 0.3s, box-shadow 0.3s;padding:80px 0px 80px 0px;}.elementor-6065 .elementor-element.elementor-element-f9f0a39.elementor-column > .elementor-widget-wrap{justify-content:center;}.elementor-6065 .elementor-element.elementor-element-8dbe4fd{text-align:start;}.elementor-6065 .elementor-element.elementor-element-8dbe4fd .elementor-heading-title{font-size:63px;color:#EC1F1F;}.elementor-6065 .elementor-element.elementor-element-8dbe4fd > .elementor-widget-container{margin:0px 0px 0px 300px;}.elementor-6065 .elementor-element.elementor-element-640b530c > .elementor-container{max-width:1170px;}.elementor-6065 .elementor-element.elementor-element-640b530c > .elementor-container > .elementor-column > .elementor-widget-wrap{align-content:center;align-items:center;}.elementor-6065 .elementor-element.elementor-element-640b530c{padding:100px 0px 100px 0px;}.elementor-6065 .elementor-element.elementor-element-16ee393d > .elementor-element-populated, .elementor-6065 .elementor-element.elementor-element-16ee393d > .elementor-element-populated > .elementor-background-overlay, .elementor-6065 .elementor-element.elementor-element-16ee393d > .elementor-background-slideshow{border-radius:0px 0px 0px 0px;}.elementor-6065 .elementor-element.elementor-element-16ee393d > .elementor-element-populated{box-shadow:0px 3px 15px 0px rgba(0, 0, 0, 0.1);transition:background 0.3s, border 0.3s, border-radius 0.3s, box-shadow 0.3s;margin:0px 40px 0px 10px;--e-column-margin-right:40px;--e-column-margin-left:10px;padding:40px 40px 40px 40px;}.elementor-6065 .elementor-element.elementor-element-16ee393d > .elementor-element-populated > .elementor-background-overlay{transition:background 0.3s, border-radius 0.3s, opacity 0.3s;}@media(max-width:1024px) and (min-width:768px){.elementor-6065 .elementor-element.elementor-element-16ee393d{width:100%;}}@media(max-width:1024px){.elementor-6065 .elementor-element.elementor-element-738b946{padding:100px 0px 100px 0px;}.elementor-6065 .elementor-element.elementor-element-640b530c{padding:0px 10px 80px 10px;}.elementor-6065 .elementor-element.elementor-element-16ee393d > .elementor-element-populated{margin:40px 10px 0px 10px;--e-column-margin-right:10px;--e-column-margin-left:10px;}}@media(max-width:767px){.elementor-6065 .elementor-element.elementor-element-738b946 > .elementor-container{max-width:1187px;}.elementor-6065 .elementor-element.elementor-element-738b946{padding:0px 0px 37px 0px;}.elementor-6065 .elementor-element.elementor-element-f9f0a39 > .elementor-element-populated{margin:0px 0px 0px 0px;--e-column-margin-right:0px;--e-column-margin-left:0px;}.elementor-6065 .elementor-element.elementor-element-8dbe4fd .elementor-heading-title{font-size:31px;}.elementor-6065 .elementor-element.elementor-element-8dbe4fd > .elementor-widget-container{margin:0px 0px -25px 60px;padding:0px 0px 0px 0px;}.elementor-6065 .elementor-element.elementor-element-640b530c{padding:0px 10px 40px 10px;}}<\/style>\t\t<div data-elementor-type=\"wp-page\" data-elementor-id=\"6065\" class=\"elementor elementor-6065\">\n\t\t\t\t\t\t<section class=\"elementor-section elementor-top-section elementor-element elementor-element-738b946 elementor-section-boxed elementor-section-height-default elementor-section-height-default\" data-id=\"738b946\" data-element_type=\"section\" data-e-type=\"section\" data-settings=\"{&quot;background_background&quot;:&quot;classic&quot;}\">\n\t\t\t\t\t\t\t<div class=\"elementor-background-overlay\"><\/div>\n\t\t\t\t\t\t\t<div class=\"elementor-container elementor-column-gap-default\">\n\t\t\t\t\t<div class=\"elementor-column elementor-col-100 elementor-top-column elementor-element elementor-element-f9f0a39\" data-id=\"f9f0a39\" data-element_type=\"column\" data-e-type=\"column\">\n\t\t\t<div class=\"elementor-widget-wrap elementor-element-populated\">\n\t\t\t\t\t\t<div class=\"elementor-element elementor-element-8dbe4fd elementor-widget elementor-widget-heading\" data-id=\"8dbe4fd\" data-element_type=\"widget\" data-e-type=\"widget\" data-widget_type=\"heading.default\">\n\t\t\t\t<div class=\"elementor-widget-container\">\n\t\t\t\t\t<h2 class=\"elementor-heading-title elementor-size-medium\">Te\u015fekk\u00fcrler<\/h2>\t\t\t\t<\/div>\n\t\t\t\t<\/div>\n\t\t\t\t\t<\/div>\n\t\t<\/div>\n\t\t\t\t\t<\/div>\n\t\t<\/section>\n\t\t\t\t<section class=\"elementor-section elementor-top-section elementor-element elementor-element-640b530c elementor-section-content-middle elementor-section-stretched elementor-section-boxed elementor-section-height-default elementor-section-height-default\" data-id=\"640b530c\" data-element_type=\"section\" data-e-type=\"section\" data-settings=\"{&quot;stretch_section&quot;:&quot;section-stretched&quot;}\">\n\t\t\t\t\t\t<div class=\"elementor-container elementor-column-gap-default\">\n\t\t\t\t\t<div class=\"elementor-column elementor-col-100 elementor-top-column elementor-element elementor-element-16ee393d\" data-id=\"16ee393d\" data-element_type=\"column\" data-e-type=\"column\" data-settings=\"{&quot;background_background&quot;:&quot;classic&quot;}\">\n\t\t\t<div class=\"elementor-widget-wrap elementor-element-populated\">\n\t\t\t\t\t\t<div class=\"elementor-element elementor-element-5efc983 elementor-widget elementor-widget-heading\" data-id=\"5efc983\" data-element_type=\"widget\" data-e-type=\"widget\" data-widget_type=\"heading.default\">\n\t\t\t\t<div class=\"elementor-widget-container\">\n\t\t\t\t\t<h2 class=\"elementor-heading-title elementor-size-default\">Talebiniz bizlere ula\u015fm\u0131\u015ft\u0131r.<\/h2>\t\t\t\t<\/div>\n\t\t\t\t<\/div>\n\t\t\t\t<div class=\"elementor-element elementor-element-619ca09 elementor-widget elementor-widget-text-editor\" data-id=\"619ca09\" data-element_type=\"widget\" data-e-type=\"widget\" data-widget_type=\"text-editor.default\">\n\t\t\t\t<div class=\"elementor-widget-container\">\n\t\t\t\t\t\t\t\t\t<p>En k\u0131sa s\u00fcrede uzman ekiplerimiz sizlere d\u00f6n\u00fc\u015f yapacaklar. \u0130lginiz i\u00e7in Te\u015fekk\u00fcr ederiz.\u00a0<\/p>\t\t\t\t\t\t\t\t<\/div>\n\t\t\t\t<\/div>\n\t\t\t\t\t<\/div>\n\t\t<\/div>\n\t\t\t\t\t<\/div>\n\t\t<\/section>\n\t\t\t\t<\/div>","protected":false},"excerpt":{"rendered":"<p>Te\u015fekk\u00fcrler Talebiniz bizlere ula\u015fm\u0131\u015ft\u0131r. En k\u0131sa s\u00fcrede uzman ekiplerimiz sizlere d\u00f6n\u00fc\u015f yapacaklar. \u0130lginiz i\u00e7in Te\u015fekk\u00fcr ederiz.\u00a0<\/p>","protected":false},"author":10,"featured_media":0,"parent":0,"menu_order":0,"comment_status":"closed","ping_status":"closed","template":"elementor_header_footer","meta":{"_monsterinsights_skip_tracking":false,"_monsterinsights_sitenote_active":false,"_monsterinsights_sitenote_note":"","_monsterinsights_sitenote_category":0,"footnotes":""},"class_list":["post-6065","page","type-page","status-publish","hentry"],"yoast_head":"<!-- This site is optimized with the Yoast SEO plugin v27.4 - https:\/\/yoast.com\/product\/yoast-seo-wordpress\/ -->\n<title>Te\u015fekk\u00fcrler - Erdem Makina<\/title>\n<meta name=\"description\" content=\"Al\u00fcminyum d\u00f6k\u00fcm makineleri i\u00e7in \u00f6zel teklif al\u0131n! Erdem Makina&#039;dan h\u0131zl\u0131 ve g\u00fcvenilir fiyat teklifleri i\u00e7in \u015fimdi ba\u015fvurun.\" \/>\n<meta name=\"robots\" content=\"index, follow, max-snippet:-1, max-image-preview:large, max-video-preview:-1\" \/>\n<link rel=\"canonical\" href=\"https:\/\/www.erdemmakinaltd.com\/fr\/communication-3\/\" \/>\n<meta property=\"og:locale\" content=\"fr_FR\" \/>\n<meta property=\"og:type\" content=\"article\" \/>\n<meta property=\"og:title\" content=\"Te\u015fekk\u00fcrler - Erdem Makina\" \/>\n<meta property=\"og:description\" content=\"Al\u00fcminyum d\u00f6k\u00fcm makineleri i\u00e7in \u00f6zel teklif al\u0131n! Erdem Makina&#039;dan h\u0131zl\u0131 ve g\u00fcvenilir fiyat teklifleri i\u00e7in \u015fimdi ba\u015fvurun.\" \/>\n<meta property=\"og:url\" content=\"https:\/\/www.erdemmakinaltd.com\/fr\/communication-3\/\" \/>\n<meta property=\"og:site_name\" content=\"Erdem Makina\" \/>\n<meta property=\"article:modified_time\" content=\"2025-12-09T11:25:32+00:00\" \/>\n<meta name=\"twitter:card\" content=\"summary_large_image\" \/>\n<meta name=\"twitter:label1\" content=\"Dur\u00e9e de lecture estim\u00e9e\" \/>\n\t<meta name=\"twitter:data1\" content=\"1 minute\" \/>\n<!-- \/ Yoast SEO plugin. -->","yoast_head_json":{"title":"Te\u015fekk\u00fcrler - Erdem Makina","description":"Al\u00fcminyum d\u00f6k\u00fcm makineleri i\u00e7in \u00f6zel teklif al\u0131n! Erdem Makina'dan h\u0131zl\u0131 ve g\u00fcvenilir fiyat teklifleri i\u00e7in \u015fimdi ba\u015fvurun.","robots":{"index":"index","follow":"follow","max-snippet":"max-snippet:-1","max-image-preview":"max-image-preview:large","max-video-preview":"max-video-preview:-1"},"canonical":"https:\/\/www.erdemmakinaltd.com\/fr\/communication-3\/","og_locale":"fr_FR","og_type":"article","og_title":"Te\u015fekk\u00fcrler - Erdem Makina","og_description":"Al\u00fcminyum d\u00f6k\u00fcm makineleri i\u00e7in \u00f6zel teklif al\u0131n! Erdem Makina'dan h\u0131zl\u0131 ve g\u00fcvenilir fiyat teklifleri i\u00e7in \u015fimdi ba\u015fvurun.","og_url":"https:\/\/www.erdemmakinaltd.com\/fr\/communication-3\/","og_site_name":"Erdem Makina","article_modified_time":"2025-12-09T11:25:32+00:00","twitter_card":"summary_large_image","twitter_misc":{"Dur\u00e9e de lecture estim\u00e9e":"1 minute"},"schema":{"@context":"https:\/\/schema.org","@graph":[{"@type":"WebPage","@id":"https:\/\/www.erdemmakinaltd.com\/tesekkurler\/","url":"https:\/\/www.erdemmakinaltd.com\/tesekkurler\/","name":"Te\u015fekk\u00fcrler - Erdem Makina","isPartOf":{"@id":"https:\/\/www.erdemmakinaltd.com\/#website"},"datePublished":"2025-03-06T13:33:32+00:00","dateModified":"2025-12-09T11:25:32+00:00","description":"Al\u00fcminyum d\u00f6k\u00fcm makineleri i\u00e7in \u00f6zel teklif al\u0131n! Erdem Makina'dan h\u0131zl\u0131 ve g\u00fcvenilir fiyat teklifleri i\u00e7in \u015fimdi ba\u015fvurun.","breadcrumb":{"@id":"https:\/\/www.erdemmakinaltd.com\/tesekkurler\/#breadcrumb"},"inLanguage":"fr-FR","potentialAction":[{"@type":"ReadAction","target":["https:\/\/www.erdemmakinaltd.com\/tesekkurler\/"]}]},{"@type":"BreadcrumbList","@id":"https:\/\/www.erdemmakinaltd.com\/tesekkurler\/#breadcrumb","itemListElement":[{"@type":"ListItem","position":1,"name":"Home","item":"https:\/\/www.erdemmakinaltd.com\/"},{"@type":"ListItem","position":2,"name":"Te\u015fekk\u00fcrler"}]},{"@type":"WebSite","@id":"https:\/\/www.erdemmakinaltd.com\/#website","url":"https:\/\/www.erdemmakinaltd.com\/","name":"Erdem Makina","description":"Al&uuml;minyum Teknolojileri","potentialAction":[{"@type":"SearchAction","target":{"@type":"EntryPoint","urlTemplate":"https:\/\/www.erdemmakinaltd.com\/?s={search_term_string}"},"query-input":{"@type":"PropertyValueSpecification","valueRequired":true,"valueName":"search_term_string"}}],"inLanguage":"fr-FR"}]}},"_links":{"self":[{"href":"https:\/\/www.erdemmakinaltd.com\/fr\/wp-json\/wp\/v2\/pages\/6065","targetHints":{"allow":["GET"]}}],"collection":[{"href":"https:\/\/www.erdemmakinaltd.com\/fr\/wp-json\/wp\/v2\/pages"}],"about":[{"href":"https:\/\/www.erdemmakinaltd.com\/fr\/wp-json\/wp\/v2\/types\/page"}],"author":[{"embeddable":true,"href":"https:\/\/www.erdemmakinaltd.com\/fr\/wp-json\/wp\/v2\/users\/10"}],"replies":[{"embeddable":true,"href":"https:\/\/www.erdemmakinaltd.com\/fr\/wp-json\/wp\/v2\/comments?post=6065"}],"version-history":[{"count":4,"href":"https:\/\/www.erdemmakinaltd.com\/fr\/wp-json\/wp\/v2\/pages\/6065\/revisions"}],"predecessor-version":[{"id":6069,"href":"https:\/\/www.erdemmakinaltd.com\/fr\/wp-json\/wp\/v2\/pages\/6065\/revisions\/6069"}],"wp:attachment":[{"href":"https:\/\/www.erdemmakinaltd.com\/fr\/wp-json\/wp\/v2\/media?parent=6065"}],"curies":[{"name":"wp","href":"https:\/\/api.w.org\/{rel}","templated":true}]}}