{"id":2873,"date":"2022-08-25T08:58:53","date_gmt":"2022-08-25T08:58:53","guid":{"rendered":"http:\/\/www.erdemmakinaltd.com\/?page_id=2873"},"modified":"2025-12-09T14:25:30","modified_gmt":"2025-12-09T11:25:30","slug":"sertifikalarimiz","status":"publish","type":"page","link":"https:\/\/www.erdemmakinaltd.com\/ar\/sertifikalarimiz\/","title":{"rendered":"Sertifikalar\u0131m\u0131z"},"content":{"rendered":"<style>.elementor-2873 .elementor-element.elementor-element-2f55cf0 > .elementor-widget-wrap > .elementor-widget:not(.elementor-widget__width-auto):not(.elementor-widget__width-initial):not(:last-child):not(.elementor-absolute){margin-block-end:0px;}.elementor-2873 .elementor-element.elementor-element-2f55cf0 > .elementor-element-populated{margin:18px 0px 51px 0px;--e-column-margin-right:0px;--e-column-margin-left:0px;padding:-8px 63px 28px 11px;}.elementor-2873 .elementor-element.elementor-element-f29f3bb > .elementor-background-overlay{background-color:#E9E5E5;opacity:0.5;}.elementor-2873 .elementor-element.elementor-element-f29f3bb{margin-top:54px;margin-bottom:-19px;padding:-6px 0px -29px 0px;}.elementor-2873 .elementor-element.elementor-element-d0cab0e > .elementor-widget-wrap > .elementor-widget:not(.elementor-widget__width-auto):not(.elementor-widget__width-initial):not(:last-child):not(.elementor-absolute){margin-block-end:0px;}.elementor-2873 .elementor-element.elementor-element-d0cab0e > .elementor-element-populated{margin:18px 0px 51px 0px;--e-column-margin-right:0px;--e-column-margin-left:0px;padding:-8px 63px 28px 11px;}.elementor-2873 .elementor-element.elementor-element-2e1ce6a{text-align:end;top:0px;z-index:1;}.elementor-2873 .elementor-element.elementor-element-2e1ce6a .elementor-heading-title{font-family:\"Montserrat\", Sans-serif;font-size:49px;font-weight:700;line-height:105px;color:#6E707557;}.elementor-2873 .elementor-element.elementor-element-2e1ce6a > .elementor-widget-container{margin:-24px 70px -25px 14px;padding:-3px -3px -3px -3px;}body:not(.rtl) .elementor-2873 .elementor-element.elementor-element-2e1ce6a{left:0px;}body.rtl .elementor-2873 .elementor-element.elementor-element-2e1ce6a{right:0px;}.elementor-2873 .elementor-element.elementor-element-dd18922{padding:25px 25px 25px 25px;}.elementor-2873 .elementor-element.elementor-element-12b7e46 .gallery-item .gallery-caption{text-align:center;}.elementor-2873 .elementor-element.elementor-element-12b7e46 > .elementor-widget-container{box-shadow:0px 0px 10px 0px rgba(0,0,0,0.5);}@media(max-width:767px){.elementor-2873 .elementor-element.elementor-element-2e1ce6a{text-align:start;}.elementor-2873 .elementor-element.elementor-element-2e1ce6a .elementor-heading-title{font-size:70px;line-height:1em;}}<\/style>\t\t<div data-elementor-type=\"wp-page\" data-elementor-id=\"2873\" class=\"elementor elementor-2873\">\n\t\t\t\t\t\t<section class=\"elementor-section elementor-top-section elementor-element elementor-element-7b41a53 elementor-section-boxed elementor-section-height-default elementor-section-height-default\" data-id=\"7b41a53\" data-element_type=\"section\" data-e-type=\"section\">\n\t\t\t\t\t\t<div class=\"elementor-container elementor-column-gap-default\">\n\t\t\t\t\t<div class=\"elementor-column elementor-col-50 elementor-top-column elementor-element elementor-element-b088dd2\" data-id=\"b088dd2\" data-element_type=\"column\" data-e-type=\"column\">\n\t\t\t<div class=\"elementor-widget-wrap\">\n\t\t\t\t\t\t\t<\/div>\n\t\t<\/div>\n\t\t\t\t<div class=\"elementor-column elementor-col-50 elementor-top-column elementor-element elementor-element-2f55cf0\" data-id=\"2f55cf0\" data-element_type=\"column\" data-e-type=\"column\">\n\t\t\t<div class=\"elementor-widget-wrap\">\n\t\t\t\t\t\t\t<\/div>\n\t\t<\/div>\n\t\t\t\t\t<\/div>\n\t\t<\/section>\n\t\t\t\t<section class=\"elementor-section elementor-top-section elementor-element elementor-element-f29f3bb elementor-section-boxed elementor-section-height-default elementor-section-height-default\" data-id=\"f29f3bb\" data-element_type=\"section\" data-e-type=\"section\">\n\t\t\t\t\t\t\t<div class=\"elementor-background-overlay\"><\/div>\n\t\t\t\t\t\t\t<div class=\"elementor-container elementor-column-gap-default\">\n\t\t\t\t\t<div class=\"elementor-column elementor-col-100 elementor-top-column elementor-element elementor-element-d0cab0e\" data-id=\"d0cab0e\" data-element_type=\"column\" data-e-type=\"column\">\n\t\t\t<div class=\"elementor-widget-wrap elementor-element-populated\">\n\t\t\t\t\t\t<div class=\"elementor-element elementor-element-2e1ce6a elementor-absolute elementor-widget elementor-widget-heading\" data-id=\"2e1ce6a\" data-element_type=\"widget\" data-e-type=\"widget\" data-settings=\"{&quot;_position&quot;:&quot;absolute&quot;}\" data-widget_type=\"heading.default\">\n\t\t\t\t<div class=\"elementor-widget-container\">\n\t\t\t\t\t<h2 class=\"elementor-heading-title elementor-size-medium\">Sertifikalar\u0131m\u0131z<\/h2>\t\t\t\t<\/div>\n\t\t\t\t<\/div>\n\t\t\t\t\t<\/div>\n\t\t<\/div>\n\t\t\t\t\t<\/div>\n\t\t<\/section>\n\t\t\t\t<section class=\"elementor-section elementor-top-section elementor-element elementor-element-dd18922 elementor-section-boxed elementor-section-height-default elementor-section-height-default elementor-invisible\" data-id=\"dd18922\" data-element_type=\"section\" data-e-type=\"section\" data-settings=\"{&quot;animation&quot;:&quot;fadeInUp&quot;}\">\n\t\t\t\t\t\t<div class=\"elementor-container elementor-column-gap-default\">\n\t\t\t\t\t<div class=\"elementor-column elementor-col-100 elementor-top-column elementor-element elementor-element-fff63fe\" data-id=\"fff63fe\" data-element_type=\"column\" data-e-type=\"column\">\n\t\t\t<div class=\"elementor-widget-wrap elementor-element-populated\">\n\t\t\t\t\t\t<div class=\"elementor-element elementor-element-12b7e46 e-transform elementor-invisible elementor-widget elementor-widget-image-gallery\" data-id=\"12b7e46\" data-element_type=\"widget\" data-e-type=\"widget\" data-settings=\"{&quot;_animation&quot;:&quot;fadeInUp&quot;,&quot;_transform_translateX_effect&quot;:{&quot;unit&quot;:&quot;px&quot;,&quot;size&quot;:&quot;&quot;,&quot;sizes&quot;:[]},&quot;_transform_translateX_effect_tablet&quot;:{&quot;unit&quot;:&quot;px&quot;,&quot;size&quot;:&quot;&quot;,&quot;sizes&quot;:[]},&quot;_transform_translateX_effect_mobile&quot;:{&quot;unit&quot;:&quot;px&quot;,&quot;size&quot;:&quot;&quot;,&quot;sizes&quot;:[]},&quot;_transform_translateY_effect&quot;:{&quot;unit&quot;:&quot;px&quot;,&quot;size&quot;:&quot;&quot;,&quot;sizes&quot;:[]},&quot;_transform_translateY_effect_tablet&quot;:{&quot;unit&quot;:&quot;px&quot;,&quot;size&quot;:&quot;&quot;,&quot;sizes&quot;:[]},&quot;_transform_translateY_effect_mobile&quot;:{&quot;unit&quot;:&quot;px&quot;,&quot;size&quot;:&quot;&quot;,&quot;sizes&quot;:[]}}\" data-widget_type=\"image-gallery.default\">\n\t\t\t\t<div class=\"elementor-widget-container\">\n\t\t\t\t\t\t\t<div class=\"elementor-image-gallery\">\n\t\t\t<div id='gallery-1' class='gallery galleryid-2873 gallery-columns-3 gallery-size-full'><figure class='gallery-item'>\n\t\t\t<div class='gallery-icon portrait'>\n\t\t\t\t<a data-elementor-open-lightbox=\"yes\" data-elementor-lightbox-slideshow=\"12b7e46\" data-elementor-lightbox-title=\"sertifika1\" data-e-action-hash=\"#elementor-action%3Aaction%3Dlightbox%26settings%3DeyJpZCI6MjM0OSwidXJsIjoiaHR0cHM6XC9cL3d3dy5lcmRlbW1ha2luYWx0ZC5jb21cL3dwLWNvbnRlbnRcL3VwbG9hZHNcLzIwMjJcLzA4XC9zZXJ0aWZpa2ExLmpwZyIsInNsaWRlc2hvdyI6IjEyYjdlNDYifQ%3D%3D\" href='https:\/\/www.erdemmakinaltd.com\/wp-content\/uploads\/2022\/08\/sertifika1.jpg'><img fetchpriority=\"high\" decoding=\"async\" width=\"1654\" height=\"2339\" src=\"https:\/\/www.erdemmakinaltd.com\/wp-content\/uploads\/2022\/08\/sertifika1.jpg\" class=\"attachment-full size-full\" alt=\"\" srcset=\"https:\/\/www.erdemmakinaltd.com\/wp-content\/uploads\/2022\/08\/sertifika1.jpg 1654w, https:\/\/www.erdemmakinaltd.com\/wp-content\/uploads\/2022\/08\/sertifika1-212x300.jpg 212w, https:\/\/www.erdemmakinaltd.com\/wp-content\/uploads\/2022\/08\/sertifika1-724x1024.jpg 724w, https:\/\/www.erdemmakinaltd.com\/wp-content\/uploads\/2022\/08\/sertifika1-768x1086.jpg 768w, https:\/\/www.erdemmakinaltd.com\/wp-content\/uploads\/2022\/08\/sertifika1-1086x1536.jpg 1086w, https:\/\/www.erdemmakinaltd.com\/wp-content\/uploads\/2022\/08\/sertifika1-1448x2048.jpg 1448w, https:\/\/www.erdemmakinaltd.com\/wp-content\/uploads\/2022\/08\/sertifika1-830x1174.jpg 830w, https:\/\/www.erdemmakinaltd.com\/wp-content\/uploads\/2022\/08\/sertifika1-230x325.jpg 230w, https:\/\/www.erdemmakinaltd.com\/wp-content\/uploads\/2022\/08\/sertifika1-350x495.jpg 350w, https:\/\/www.erdemmakinaltd.com\/wp-content\/uploads\/2022\/08\/sertifika1-480x679.jpg 480w\" sizes=\"(max-width: 1654px) 100vw, 1654px\" \/><\/a>\n\t\t\t<\/div><\/figure><figure class='gallery-item'>\n\t\t\t<div class='gallery-icon portrait'>\n\t\t\t\t<a data-elementor-open-lightbox=\"yes\" data-elementor-lightbox-slideshow=\"12b7e46\" data-elementor-lightbox-title=\"sertifika2\" data-e-action-hash=\"#elementor-action%3Aaction%3Dlightbox%26settings%3DeyJpZCI6MjM1MCwidXJsIjoiaHR0cHM6XC9cL3d3dy5lcmRlbW1ha2luYWx0ZC5jb21cL3dwLWNvbnRlbnRcL3VwbG9hZHNcLzIwMjJcLzA4XC9zZXJ0aWZpa2EyLmpwZyIsInNsaWRlc2hvdyI6IjEyYjdlNDYifQ%3D%3D\" href='https:\/\/www.erdemmakinaltd.com\/wp-content\/uploads\/2022\/08\/sertifika2.jpg'><img decoding=\"async\" width=\"1654\" height=\"2339\" src=\"https:\/\/www.erdemmakinaltd.com\/wp-content\/uploads\/2022\/08\/sertifika2.jpg\" class=\"attachment-full size-full\" alt=\"\" srcset=\"https:\/\/www.erdemmakinaltd.com\/wp-content\/uploads\/2022\/08\/sertifika2.jpg 1654w, https:\/\/www.erdemmakinaltd.com\/wp-content\/uploads\/2022\/08\/sertifika2-212x300.jpg 212w, https:\/\/www.erdemmakinaltd.com\/wp-content\/uploads\/2022\/08\/sertifika2-724x1024.jpg 724w, https:\/\/www.erdemmakinaltd.com\/wp-content\/uploads\/2022\/08\/sertifika2-768x1086.jpg 768w, https:\/\/www.erdemmakinaltd.com\/wp-content\/uploads\/2022\/08\/sertifika2-1086x1536.jpg 1086w, https:\/\/www.erdemmakinaltd.com\/wp-content\/uploads\/2022\/08\/sertifika2-1448x2048.jpg 1448w, https:\/\/www.erdemmakinaltd.com\/wp-content\/uploads\/2022\/08\/sertifika2-830x1174.jpg 830w, https:\/\/www.erdemmakinaltd.com\/wp-content\/uploads\/2022\/08\/sertifika2-230x325.jpg 230w, https:\/\/www.erdemmakinaltd.com\/wp-content\/uploads\/2022\/08\/sertifika2-350x495.jpg 350w, https:\/\/www.erdemmakinaltd.com\/wp-content\/uploads\/2022\/08\/sertifika2-480x679.jpg 480w\" sizes=\"(max-width: 1654px) 100vw, 1654px\" \/><\/a>\n\t\t\t<\/div><\/figure><figure class='gallery-item'>\n\t\t\t<div class='gallery-icon portrait'>\n\t\t\t\t<a data-elementor-open-lightbox=\"yes\" data-elementor-lightbox-slideshow=\"12b7e46\" data-elementor-lightbox-title=\"sertifika3\" data-e-action-hash=\"#elementor-action%3Aaction%3Dlightbox%26settings%3DeyJpZCI6MjM1MSwidXJsIjoiaHR0cHM6XC9cL3d3dy5lcmRlbW1ha2luYWx0ZC5jb21cL3dwLWNvbnRlbnRcL3VwbG9hZHNcLzIwMjJcLzA4XC9zZXJ0aWZpa2EzLmpwZyIsInNsaWRlc2hvdyI6IjEyYjdlNDYifQ%3D%3D\" href='https:\/\/www.erdemmakinaltd.com\/wp-content\/uploads\/2022\/08\/sertifika3.jpg'><img decoding=\"async\" width=\"1654\" height=\"2339\" src=\"https:\/\/www.erdemmakinaltd.com\/wp-content\/uploads\/2022\/08\/sertifika3.jpg\" class=\"attachment-full size-full\" alt=\"\" srcset=\"https:\/\/www.erdemmakinaltd.com\/wp-content\/uploads\/2022\/08\/sertifika3.jpg 1654w, https:\/\/www.erdemmakinaltd.com\/wp-content\/uploads\/2022\/08\/sertifika3-212x300.jpg 212w, https:\/\/www.erdemmakinaltd.com\/wp-content\/uploads\/2022\/08\/sertifika3-724x1024.jpg 724w, https:\/\/www.erdemmakinaltd.com\/wp-content\/uploads\/2022\/08\/sertifika3-768x1086.jpg 768w, https:\/\/www.erdemmakinaltd.com\/wp-content\/uploads\/2022\/08\/sertifika3-1086x1536.jpg 1086w, https:\/\/www.erdemmakinaltd.com\/wp-content\/uploads\/2022\/08\/sertifika3-1448x2048.jpg 1448w, https:\/\/www.erdemmakinaltd.com\/wp-content\/uploads\/2022\/08\/sertifika3-830x1174.jpg 830w, https:\/\/www.erdemmakinaltd.com\/wp-content\/uploads\/2022\/08\/sertifika3-230x325.jpg 230w, https:\/\/www.erdemmakinaltd.com\/wp-content\/uploads\/2022\/08\/sertifika3-350x495.jpg 350w, https:\/\/www.erdemmakinaltd.com\/wp-content\/uploads\/2022\/08\/sertifika3-480x679.jpg 480w\" sizes=\"(max-width: 1654px) 100vw, 1654px\" \/><\/a>\n\t\t\t<\/div><\/figure><figure class='gallery-item'>\n\t\t\t<div class='gallery-icon portrait'>\n\t\t\t\t<a data-elementor-open-lightbox=\"yes\" data-elementor-lightbox-slideshow=\"12b7e46\" data-elementor-lightbox-title=\"sertifika4\" data-e-action-hash=\"#elementor-action%3Aaction%3Dlightbox%26settings%3DeyJpZCI6MjM1MiwidXJsIjoiaHR0cHM6XC9cL3d3dy5lcmRlbW1ha2luYWx0ZC5jb21cL3dwLWNvbnRlbnRcL3VwbG9hZHNcLzIwMjJcLzA4XC9zZXJ0aWZpa2E0LmpwZyIsInNsaWRlc2hvdyI6IjEyYjdlNDYifQ%3D%3D\" href='https:\/\/www.erdemmakinaltd.com\/wp-content\/uploads\/2022\/08\/sertifika4.jpg'><img loading=\"lazy\" decoding=\"async\" width=\"1654\" height=\"2339\" src=\"https:\/\/www.erdemmakinaltd.com\/wp-content\/uploads\/2022\/08\/sertifika4.jpg\" class=\"attachment-full size-full\" alt=\"\" srcset=\"https:\/\/www.erdemmakinaltd.com\/wp-content\/uploads\/2022\/08\/sertifika4.jpg 1654w, https:\/\/www.erdemmakinaltd.com\/wp-content\/uploads\/2022\/08\/sertifika4-212x300.jpg 212w, https:\/\/www.erdemmakinaltd.com\/wp-content\/uploads\/2022\/08\/sertifika4-724x1024.jpg 724w, https:\/\/www.erdemmakinaltd.com\/wp-content\/uploads\/2022\/08\/sertifika4-768x1086.jpg 768w, https:\/\/www.erdemmakinaltd.com\/wp-content\/uploads\/2022\/08\/sertifika4-1086x1536.jpg 1086w, https:\/\/www.erdemmakinaltd.com\/wp-content\/uploads\/2022\/08\/sertifika4-1448x2048.jpg 1448w, https:\/\/www.erdemmakinaltd.com\/wp-content\/uploads\/2022\/08\/sertifika4-830x1174.jpg 830w, https:\/\/www.erdemmakinaltd.com\/wp-content\/uploads\/2022\/08\/sertifika4-230x325.jpg 230w, https:\/\/www.erdemmakinaltd.com\/wp-content\/uploads\/2022\/08\/sertifika4-350x495.jpg 350w, https:\/\/www.erdemmakinaltd.com\/wp-content\/uploads\/2022\/08\/sertifika4-480x679.jpg 480w\" sizes=\"(max-width: 1654px) 100vw, 1654px\" \/><\/a>\n\t\t\t<\/div><\/figure><figure class='gallery-item'>\n\t\t\t<div class='gallery-icon portrait'>\n\t\t\t\t<a data-elementor-open-lightbox=\"yes\" data-elementor-lightbox-slideshow=\"12b7e46\" data-elementor-lightbox-title=\"sertifika5\" data-e-action-hash=\"#elementor-action%3Aaction%3Dlightbox%26settings%3DeyJpZCI6MjM1MywidXJsIjoiaHR0cHM6XC9cL3d3dy5lcmRlbW1ha2luYWx0ZC5jb21cL3dwLWNvbnRlbnRcL3VwbG9hZHNcLzIwMjJcLzA4XC9zZXJ0aWZpa2E1LmpwZyIsInNsaWRlc2hvdyI6IjEyYjdlNDYifQ%3D%3D\" href='https:\/\/www.erdemmakinaltd.com\/wp-content\/uploads\/2022\/08\/sertifika5.jpg'><img loading=\"lazy\" decoding=\"async\" width=\"1654\" height=\"2339\" src=\"https:\/\/www.erdemmakinaltd.com\/wp-content\/uploads\/2022\/08\/sertifika5.jpg\" class=\"attachment-full size-full\" alt=\"\" srcset=\"https:\/\/www.erdemmakinaltd.com\/wp-content\/uploads\/2022\/08\/sertifika5.jpg 1654w, https:\/\/www.erdemmakinaltd.com\/wp-content\/uploads\/2022\/08\/sertifika5-212x300.jpg 212w, https:\/\/www.erdemmakinaltd.com\/wp-content\/uploads\/2022\/08\/sertifika5-724x1024.jpg 724w, https:\/\/www.erdemmakinaltd.com\/wp-content\/uploads\/2022\/08\/sertifika5-768x1086.jpg 768w, https:\/\/www.erdemmakinaltd.com\/wp-content\/uploads\/2022\/08\/sertifika5-1086x1536.jpg 1086w, https:\/\/www.erdemmakinaltd.com\/wp-content\/uploads\/2022\/08\/sertifika5-1448x2048.jpg 1448w, https:\/\/www.erdemmakinaltd.com\/wp-content\/uploads\/2022\/08\/sertifika5-830x1174.jpg 830w, https:\/\/www.erdemmakinaltd.com\/wp-content\/uploads\/2022\/08\/sertifika5-230x325.jpg 230w, https:\/\/www.erdemmakinaltd.com\/wp-content\/uploads\/2022\/08\/sertifika5-350x495.jpg 350w, https:\/\/www.erdemmakinaltd.com\/wp-content\/uploads\/2022\/08\/sertifika5-480x679.jpg 480w\" sizes=\"(max-width: 1654px) 100vw, 1654px\" \/><\/a>\n\t\t\t<\/div><\/figure><figure class='gallery-item'>\n\t\t\t<div class='gallery-icon portrait'>\n\t\t\t\t<a data-elementor-open-lightbox=\"yes\" data-elementor-lightbox-slideshow=\"12b7e46\" data-elementor-lightbox-title=\"sertifika6\" data-e-action-hash=\"#elementor-action%3Aaction%3Dlightbox%26settings%3DeyJpZCI6MjM1NCwidXJsIjoiaHR0cHM6XC9cL3d3dy5lcmRlbW1ha2luYWx0ZC5jb21cL3dwLWNvbnRlbnRcL3VwbG9hZHNcLzIwMjJcLzA4XC9zZXJ0aWZpa2E2LmpwZyIsInNsaWRlc2hvdyI6IjEyYjdlNDYifQ%3D%3D\" href='https:\/\/www.erdemmakinaltd.com\/wp-content\/uploads\/2022\/08\/sertifika6.jpg'><img loading=\"lazy\" decoding=\"async\" width=\"1654\" height=\"2339\" src=\"https:\/\/www.erdemmakinaltd.com\/wp-content\/uploads\/2022\/08\/sertifika6.jpg\" class=\"attachment-full size-full\" alt=\"\" srcset=\"https:\/\/www.erdemmakinaltd.com\/wp-content\/uploads\/2022\/08\/sertifika6.jpg 1654w, https:\/\/www.erdemmakinaltd.com\/wp-content\/uploads\/2022\/08\/sertifika6-212x300.jpg 212w, https:\/\/www.erdemmakinaltd.com\/wp-content\/uploads\/2022\/08\/sertifika6-724x1024.jpg 724w, https:\/\/www.erdemmakinaltd.com\/wp-content\/uploads\/2022\/08\/sertifika6-768x1086.jpg 768w, https:\/\/www.erdemmakinaltd.com\/wp-content\/uploads\/2022\/08\/sertifika6-1086x1536.jpg 1086w, https:\/\/www.erdemmakinaltd.com\/wp-content\/uploads\/2022\/08\/sertifika6-1448x2048.jpg 1448w, https:\/\/www.erdemmakinaltd.com\/wp-content\/uploads\/2022\/08\/sertifika6-830x1174.jpg 830w, https:\/\/www.erdemmakinaltd.com\/wp-content\/uploads\/2022\/08\/sertifika6-230x325.jpg 230w, https:\/\/www.erdemmakinaltd.com\/wp-content\/uploads\/2022\/08\/sertifika6-350x495.jpg 350w, https:\/\/www.erdemmakinaltd.com\/wp-content\/uploads\/2022\/08\/sertifika6-480x679.jpg 480w\" sizes=\"(max-width: 1654px) 100vw, 1654px\" \/><\/a>\n\t\t\t<\/div><\/figure>\n\t\t<\/div>\n\t\t<\/div>\n\t\t\t\t\t\t<\/div>\n\t\t\t\t<\/div>\n\t\t\t\t\t<\/div>\n\t\t<\/div>\n\t\t\t\t\t<\/div>\n\t\t<\/section>\n\t\t\t\t<\/div>","protected":false},"excerpt":{"rendered":"<p>Sertifikalar\u0131m\u0131z<\/p>","protected":false},"author":10,"featured_media":0,"parent":0,"menu_order":0,"comment_status":"closed","ping_status":"closed","template":"elementor_header_footer","meta":{"_monsterinsights_skip_tracking":false,"_monsterinsights_sitenote_active":false,"_monsterinsights_sitenote_note":"","_monsterinsights_sitenote_category":0,"footnotes":""},"class_list":["post-2873","page","type-page","status-publish","hentry"],"yoast_head":"<!-- This site is optimized with the Yoast SEO plugin v27.4 - https:\/\/yoast.com\/product\/yoast-seo-wordpress\/ -->\n<title>Sertifikalar\u0131m\u0131z - Erdem Makina<\/title>\n<meta name=\"robots\" content=\"index, follow, max-snippet:-1, max-image-preview:large, max-video-preview:-1\" \/>\n<link rel=\"canonical\" href=\"https:\/\/www.erdemmakinaltd.com\/ar\/sertifikalarimiz\/\" \/>\n<meta property=\"og:locale\" content=\"ar_AR\" \/>\n<meta property=\"og:type\" content=\"article\" \/>\n<meta property=\"og:title\" content=\"Sertifikalar\u0131m\u0131z - Erdem Makina\" \/>\n<meta property=\"og:description\" content=\"Sertifikalar\u0131m\u0131z\" \/>\n<meta property=\"og:url\" content=\"https:\/\/www.erdemmakinaltd.com\/ar\/sertifikalarimiz\/\" \/>\n<meta property=\"og:site_name\" content=\"Erdem Makina\" \/>\n<meta property=\"article:modified_time\" content=\"2025-12-09T11:25:30+00:00\" \/>\n<meta property=\"og:image\" content=\"http:\/\/www.erdemmakinaltd.com\/wp-content\/uploads\/2022\/08\/sertifika1.jpg\" \/>\n<meta name=\"twitter:card\" content=\"summary_large_image\" \/>\n<meta name=\"twitter:label1\" content=\"\u0648\u0642\u062a \u0627\u0644\u0642\u0631\u0627\u0621\u0629 \u0627\u0644\u0645\u064f\u0642\u062f\u0651\u0631\" \/>\n\t<meta name=\"twitter:data1\" content=\"\u062f\u0642\u064a\u0642\u062a\u0627\u0646\" \/>\n<!-- \/ Yoast SEO plugin. -->","yoast_head_json":{"title":"Sertifikalar\u0131m\u0131z - Erdem Makina","robots":{"index":"index","follow":"follow","max-snippet":"max-snippet:-1","max-image-preview":"max-image-preview:large","max-video-preview":"max-video-preview:-1"},"canonical":"https:\/\/www.erdemmakinaltd.com\/ar\/sertifikalarimiz\/","og_locale":"ar_AR","og_type":"article","og_title":"Sertifikalar\u0131m\u0131z - Erdem Makina","og_description":"Sertifikalar\u0131m\u0131z","og_url":"https:\/\/www.erdemmakinaltd.com\/ar\/sertifikalarimiz\/","og_site_name":"Erdem Makina","article_modified_time":"2025-12-09T11:25:30+00:00","og_image":[{"url":"http:\/\/www.erdemmakinaltd.com\/wp-content\/uploads\/2022\/08\/sertifika1.jpg","type":"","width":"","height":""}],"twitter_card":"summary_large_image","twitter_misc":{"\u0648\u0642\u062a \u0627\u0644\u0642\u0631\u0627\u0621\u0629 \u0627\u0644\u0645\u064f\u0642\u062f\u0651\u0631":"\u062f\u0642\u064a\u0642\u062a\u0627\u0646"},"schema":{"@context":"https:\/\/schema.org","@graph":[{"@type":"WebPage","@id":"https:\/\/www.erdemmakinaltd.com\/sertifikalarimiz\/","url":"https:\/\/www.erdemmakinaltd.com\/sertifikalarimiz\/","name":"Sertifikalar\u0131m\u0131z - Erdem Makina","isPartOf":{"@id":"https:\/\/www.erdemmakinaltd.com\/#website"},"primaryImageOfPage":{"@id":"https:\/\/www.erdemmakinaltd.com\/sertifikalarimiz\/#primaryimage"},"image":{"@id":"https:\/\/www.erdemmakinaltd.com\/sertifikalarimiz\/#primaryimage"},"thumbnailUrl":"http:\/\/www.erdemmakinaltd.com\/wp-content\/uploads\/2022\/08\/sertifika1.jpg","datePublished":"2022-08-25T08:58:53+00:00","dateModified":"2025-12-09T11:25:30+00:00","breadcrumb":{"@id":"https:\/\/www.erdemmakinaltd.com\/sertifikalarimiz\/#breadcrumb"},"inLanguage":"ar","potentialAction":[{"@type":"ReadAction","target":["https:\/\/www.erdemmakinaltd.com\/sertifikalarimiz\/"]}]},{"@type":"ImageObject","inLanguage":"ar","@id":"https:\/\/www.erdemmakinaltd.com\/sertifikalarimiz\/#primaryimage","url":"http:\/\/www.erdemmakinaltd.com\/wp-content\/uploads\/2022\/08\/sertifika1.jpg","contentUrl":"http:\/\/www.erdemmakinaltd.com\/wp-content\/uploads\/2022\/08\/sertifika1.jpg"},{"@type":"BreadcrumbList","@id":"https:\/\/www.erdemmakinaltd.com\/sertifikalarimiz\/#breadcrumb","itemListElement":[{"@type":"ListItem","position":1,"name":"Home","item":"https:\/\/www.erdemmakinaltd.com\/"},{"@type":"ListItem","position":2,"name":"Sertifikalar\u0131m\u0131z"}]},{"@type":"WebSite","@id":"https:\/\/www.erdemmakinaltd.com\/#website","url":"https:\/\/www.erdemmakinaltd.com\/","name":"\u0645\u0627\u0643\u064a\u0646\u0627\u062a \u0627\u0631\u062f\u064a\u0645","description":"Al&uuml;minyum Teknolojileri","potentialAction":[{"@type":"SearchAction","target":{"@type":"EntryPoint","urlTemplate":"https:\/\/www.erdemmakinaltd.com\/?s={search_term_string}"},"query-input":{"@type":"PropertyValueSpecification","valueRequired":true,"valueName":"search_term_string"}}],"inLanguage":"ar"}]}},"_links":{"self":[{"href":"https:\/\/www.erdemmakinaltd.com\/ar\/wp-json\/wp\/v2\/pages\/2873","targetHints":{"allow":["GET"]}}],"collection":[{"href":"https:\/\/www.erdemmakinaltd.com\/ar\/wp-json\/wp\/v2\/pages"}],"about":[{"href":"https:\/\/www.erdemmakinaltd.com\/ar\/wp-json\/wp\/v2\/types\/page"}],"author":[{"embeddable":true,"href":"https:\/\/www.erdemmakinaltd.com\/ar\/wp-json\/wp\/v2\/users\/10"}],"replies":[{"embeddable":true,"href":"https:\/\/www.erdemmakinaltd.com\/ar\/wp-json\/wp\/v2\/comments?post=2873"}],"version-history":[{"count":4,"href":"https:\/\/www.erdemmakinaltd.com\/ar\/wp-json\/wp\/v2\/pages\/2873\/revisions"}],"predecessor-version":[{"id":2877,"href":"https:\/\/www.erdemmakinaltd.com\/ar\/wp-json\/wp\/v2\/pages\/2873\/revisions\/2877"}],"wp:attachment":[{"href":"https:\/\/www.erdemmakinaltd.com\/ar\/wp-json\/wp\/v2\/media?parent=2873"}],"curies":[{"name":"wp","href":"https:\/\/api.w.org\/{rel}","templated":true}]}}